{"id":430,"date":"2014-09-21T02:54:00","date_gmt":"2014-09-21T01:54:00","guid":{"rendered":"https:\/\/www.entoutecomplicite.fr\/?page_id=430"},"modified":"2014-10-27T10:45:25","modified_gmt":"2014-10-27T09:45:25","slug":"forfait-a-la-carte","status":"publish","type":"page","link":"https:\/\/www.entoutecomplicite.fr\/?page_id=430","title":{"rendered":"Forfait \u00e0 la carte"},"content":{"rendered":"<div class=\"prestation\">\n<div>\n<h1>Forfait reportage photo de mariage \u00e0 la carte<\/h1>\n<div class=\"demi full-tab\">\n<p><span style=\"color: #b27a7a;\">Afin que le reportage soit celui que vous avec imagin\u00e9&#8230;<\/span><\/p>\n<p><span style=\"color: #b27a7a;\">Cr\u00e9ez votre prestation sur mesure ! Choisissez 2 modules ci-dessous et ajoutez d\u2019autres modules si vous le d\u00e9sirez.<\/span><\/p>\n<ul>\n<li>Pr\u00e9paratifs coiffure et maquillage<\/li>\n<li>Habillage de la mari\u00e9e<\/li>\n<li>Habillage des mari\u00e9s<\/li>\n<li>C\u00e9r\u00e9monie civile<\/li>\n<li>C\u00e9r\u00e9monie religieuse ou la\u00efque<\/li>\n<li>Photos de groupe<\/li>\n<li>Photos de couple<\/li>\n<li>Vin d\u2019honneur<\/li>\n<\/ul>\n<p><strong>Modules ind\u00e9pendants<\/strong><\/p>\n<ul>\n<li>S\u00e9ance en semaine (sur le lieu de votre choix)<\/li>\n<li>Soir\u00e9e jusqu\u2019au passage \u00e0 table<\/li>\n<li>Soir\u00e9e jusqu\u2019au g\u00e2teau (maxi Minuit)<\/li>\n<li>Soir\u00e9e 2h00 du matin<\/li>\n<\/ul>\n<\/div>\n<div class=\"demi full-tab support\">\n<p><strong>Supports inclus avec la prestation<\/strong><\/p>\n<ul>\n<li>Un album photo de 50 tirages 13X19<\/li>\n<li>DVD de tous les clich\u00e9s en HD libre de droit<\/li>\n<li>2 agrandissements 20X30<\/li>\n<li>Photos en miniature \/ planches contact<\/li>\n<li>1 lot de cartons de remerciement<\/li>\n<li>Frais de d\u00e9placement inclus sur 60km autour de Lille<\/li>\n<li>Vos photos sur un site priv\u00e9 avec acc\u00e8s par mot de passe (sur demande)<\/li>\n<\/ul>\n<p><strong>Options<\/strong><\/p>\n<ul>\n<li>Livre en tirages illimit\u00e9s<\/li>\n<li>Livre LUXE<\/li>\n<li>LIVRE FAIT MAIN<\/li>\n<li>Studio photo pour photo Booth<\/li>\n<\/ul>\n<\/div>\n<div class=\"full footer\">\n<div><img loading=\"lazy\" class=\"alignnone size-full wp-image-450\" src=\"https:\/\/www.entoutecomplicite.fr\/wp-content\/uploads\/2014\/09\/MARIAGE-A-LA-CARTE.jpg\" alt=\"MARIAGE-A-LA-CARTE\" width=\"327\" height=\"217\" srcset=\"https:\/\/www.entoutecomplicite.fr\/wp-content\/uploads\/2014\/09\/MARIAGE-A-LA-CARTE.jpg 327w, https:\/\/www.entoutecomplicite.fr\/wp-content\/uploads\/2014\/09\/MARIAGE-A-LA-CARTE-300x199.jpg 300w\" sizes=\"(max-width: 327px) 100vw, 327px\" \/><\/div>\n<div><a title=\"Contact\" href=\"https:\/\/www.entoutecomplicite.fr\/?page_id=44\"><img loading=\"lazy\" class=\"alignnone wp-image-453 size-full\" src=\"https:\/\/www.entoutecomplicite.fr\/wp-content\/uploads\/2014\/09\/prestation_contact.jpg\" alt=\"\" width=\"237\" height=\"217\" \/><\/a><\/div>\n<div><span class=\"su-lightbox\" data-mfp-src=\"#video-mariage\" data-mfp-type=\"inline\" data-mobile=\"yes\"><img loading=\"lazy\" class=\"alignnone wp-image-798 size-full\" src=\"https:\/\/www.entoutecomplicite.fr\/wp-content\/uploads\/2014\/09\/video_mariage.jpg\" alt=\"\" width=\"327\" height=\"217\" srcset=\"https:\/\/www.entoutecomplicite.fr\/wp-content\/uploads\/2014\/09\/video_mariage.jpg 327w, https:\/\/www.entoutecomplicite.fr\/wp-content\/uploads\/2014\/09\/video_mariage-300x199.jpg 300w\" sizes=\"(max-width: 327px) 100vw, 327px\" \/><\/span><\/div>\n<\/div>\n<\/div>\n<\/div>\n<div class=\"autres\">\n<h2>Les autres forfaits :<\/h2>\n<ul>\n<li>\n<div>\n<h3>Forfait<br \/>\nJourn\u00e9e<\/h3>\n<p><a title=\"Forfait journ\u00e9e\" href=\"https:\/\/www.entoutecomplicite.fr\/?page_id=469\"><span style=\"display: block;\">D\u00e9couvrir<\/span><\/a><\/p>\n<\/div>\n<\/li>\n<li>\n<div>\n<h3>Forfait Journ\u00e9e <br \/>avec Soir\u00e9e<\/h3>\n<p><a title=\"Forfait journ\u00e9e avec soir\u00e9e\" href=\"https:\/\/www.entoutecomplicite.fr\/?page_id=471\"><span style=\"display: block;\">D\u00e9couvrir<\/span><\/a><\/p>\n<\/div>\n<\/li>\n<li>\n<div>\n<h3>Autres<br \/>\nPrestations<\/h3>\n<p><a title=\"Autres prestations\" href=\"https:\/\/www.entoutecomplicite.fr\/?page_id=473\"><span style=\"display: block;\">D\u00e9couvrir<\/span><\/a><\/p>\n<\/div>\n<\/li>\n<\/ul>\n<\/div>\n","protected":false},"excerpt":{"rendered":"<p>Forfait reportage photo de mariage \u00e0 la carte Afin que le reportage soit celui que vous avec imagin\u00e9&#8230; Cr\u00e9ez votre prestation sur mesure ! Choisissez 2 modules ci-dessous et ajoutez d\u2019autres modules si vous le d\u00e9sirez. Pr\u00e9paratifs coiffure et maquillage Habillage de la mari\u00e9e Habillage des mari\u00e9s C\u00e9r\u00e9monie civile C\u00e9r\u00e9monie religieuse ou la\u00efque Photos de [&hellip;]<\/p>\n","protected":false},"author":1,"featured_media":0,"parent":75,"menu_order":0,"comment_status":"closed","ping_status":"closed","template":"","meta":[],"_links":{"self":[{"href":"https:\/\/www.entoutecomplicite.fr\/index.php?rest_route=\/wp\/v2\/pages\/430"}],"collection":[{"href":"https:\/\/www.entoutecomplicite.fr\/index.php?rest_route=\/wp\/v2\/pages"}],"about":[{"href":"https:\/\/www.entoutecomplicite.fr\/index.php?rest_route=\/wp\/v2\/types\/page"}],"author":[{"embeddable":true,"href":"https:\/\/www.entoutecomplicite.fr\/index.php?rest_route=\/wp\/v2\/users\/1"}],"replies":[{"embeddable":true,"href":"https:\/\/www.entoutecomplicite.fr\/index.php?rest_route=%2Fwp%2Fv2%2Fcomments&post=430"}],"version-history":[{"count":45,"href":"https:\/\/www.entoutecomplicite.fr\/index.php?rest_route=\/wp\/v2\/pages\/430\/revisions"}],"predecessor-version":[{"id":870,"href":"https:\/\/www.entoutecomplicite.fr\/index.php?rest_route=\/wp\/v2\/pages\/430\/revisions\/870"}],"up":[{"embeddable":true,"href":"https:\/\/www.entoutecomplicite.fr\/index.php?rest_route=\/wp\/v2\/pages\/75"}],"wp:attachment":[{"href":"https:\/\/www.entoutecomplicite.fr\/index.php?rest_route=%2Fwp%2Fv2%2Fmedia&parent=430"}],"curies":[{"name":"wp","href":"https:\/\/api.w.org\/{rel}","templated":true}]}}