{"id":471,"date":"2014-09-21T11:47:49","date_gmt":"2014-09-21T10:47:49","guid":{"rendered":"https:\/\/www.entoutecomplicite.fr\/?page_id=471"},"modified":"2014-10-16T16:36:38","modified_gmt":"2014-10-16T15:36:38","slug":"forfait-journee-avec-soiree","status":"publish","type":"page","link":"https:\/\/www.entoutecomplicite.fr\/?page_id=471","title":{"rendered":"Forfait journ\u00e9e avec soir\u00e9e"},"content":{"rendered":"<div class=\"prestation\">\n<div>\n<h1>Forfait reportage photo de mariage Mariage Journ\u00e9e avec soir\u00e9e<\/h1>\n<div class=\"demi full-tab\">\n<p><span style=\"color: #b27a7a;\">Un suivi tout au long de votre journ\u00e9e de mariage jusqu\u2019\u00e0 la pi\u00e8ce mont\u00e9e :<\/span><\/p>\n<ul>\n<li>Pr\u00e9paratifs coiffure et maquillage<\/li>\n<li>Habillage des mari\u00e9s<\/li>\n<li>C\u00e9r\u00e9monie civile<\/li>\n<li>C\u00e9r\u00e9monie religieuse ou la\u00efque<\/li>\n<li>Photos de groupe<\/li>\n<li>Photos de couple<\/li>\n<li>Vin d\u2019honneur<\/li>\n<li>Soir\u00e9e jusqu\u2019au g\u00e2teau (minuit ou 2h00)<\/li>\n<\/ul>\n<p><strong>Modules ind\u00e9pendants<\/strong><\/p>\n<ul>\n<li>S\u00e9ance en semaine (sur le lieu de votre choix)<\/li>\n<\/ul>\n<\/div>\n<div class=\"demi full-tab support\">\n<p><strong>Supports inclus avec la prestation<\/strong><\/p>\n<ul>\n<li>Un livre photo en tirages illimit\u00e9s<\/li>\n<li>DVD de tous les clich\u00e9s en HD libre de droit<\/li>\n<li>2 agrandissements 20X30<\/li>\n<li>Photos en miniature \/ planches contact<\/li>\n<li>1 lot de cartons de remerciement<\/li>\n<li>2 supports photo parents<\/li>\n<li>Frais de d\u00e9placement inclus sur 60km autour de Lille<\/li>\n<li>Vos photos sur un site priv\u00e9 avec acc\u00e8s par mot de passe (sur demande)<\/li>\n<\/ul>\n<p><strong>Options<\/strong><\/p>\n<ul>\n<li>Livre de format sup\u00e9rieur<\/li>\n<li>Livre LUXE<\/li>\n<li>LIVRE FAIT MAIN<\/li>\n<li>Studio photo pour photo Booth<\/li>\n<\/ul>\n<\/div>\n<div class=\"full footer\">\n<div><img loading=\"lazy\" class=\"alignnone wp-image-481 size-full\" src=\"https:\/\/www.entoutecomplicite.fr\/wp-content\/uploads\/2014\/09\/MARIAGES-JOURNEES-ET-SOIREES.jpg\" alt=\"\" width=\"327\" height=\"217\" srcset=\"https:\/\/www.entoutecomplicite.fr\/wp-content\/uploads\/2014\/09\/MARIAGES-JOURNEES-ET-SOIREES.jpg 327w, https:\/\/www.entoutecomplicite.fr\/wp-content\/uploads\/2014\/09\/MARIAGES-JOURNEES-ET-SOIREES-300x199.jpg 300w\" sizes=\"(max-width: 327px) 100vw, 327px\" \/><\/div>\n<div><a title=\"Contact\" href=\"https:\/\/www.entoutecomplicite.fr\/?page_id=44\"><img loading=\"lazy\" class=\"alignnone wp-image-453 size-full\" src=\"https:\/\/www.entoutecomplicite.fr\/wp-content\/uploads\/2014\/09\/prestation_contact.jpg\" alt=\"\" width=\"237\" height=\"217\" \/><\/a><\/div>\n<div><span class=\"su-lightbox\" data-mfp-src=\"#video-mariage\" data-mfp-type=\"inline\" data-mobile=\"yes\"><img loading=\"lazy\" class=\"alignnone wp-image-798 size-full\" src=\"https:\/\/www.entoutecomplicite.fr\/wp-content\/uploads\/2014\/09\/video_mariage.jpg\" alt=\"\" width=\"327\" height=\"217\" srcset=\"https:\/\/www.entoutecomplicite.fr\/wp-content\/uploads\/2014\/09\/video_mariage.jpg 327w, https:\/\/www.entoutecomplicite.fr\/wp-content\/uploads\/2014\/09\/video_mariage-300x199.jpg 300w\" sizes=\"(max-width: 327px) 100vw, 327px\" \/><\/span><\/div>\n<\/div>\n<\/div>\n<\/div>\n<div class=\"autres\">\n<h2>Les autres forfaits :<\/h2>\n<ul>\n<li>\n<div>\n<h3>Forfait<br \/>\nJourn\u00e9e<\/h3>\n<p><a title=\"Forfait journ\u00e9e\" href=\"https:\/\/www.entoutecomplicite.fr\/?page_id=469\"><span style=\"display: block;\">D\u00e9couvrir<\/span><\/a><\/p>\n<\/div>\n<\/li>\n<li>\n<div>\n<h3>Forfait<br \/>\n\u00e0 la Carte<\/h3>\n<p><a title=\"Forfait journ\u00e9e\" href=\"https:\/\/www.entoutecomplicite.fr\/?page_id=430\"><span style=\"display: block;\">D\u00e9couvrir<\/span><\/a><\/p>\n<\/div>\n<\/li>\n<li>\n<div>\n<h3>Autres<br \/>\nPrestations<\/h3>\n<p><a title=\"Autres prestations\" href=\"https:\/\/www.entoutecomplicite.fr\/?page_id=473\"><span style=\"display: block;\">D\u00e9couvrir<\/span><\/a><\/p>\n<\/div>\n<\/li>\n<\/ul>\n<\/div>\n","protected":false},"excerpt":{"rendered":"<p>Forfait reportage photo de mariage Mariage Journ\u00e9e avec soir\u00e9e Un suivi tout au long de votre journ\u00e9e de mariage jusqu\u2019\u00e0 la pi\u00e8ce mont\u00e9e : Pr\u00e9paratifs coiffure et maquillage Habillage des mari\u00e9s C\u00e9r\u00e9monie civile C\u00e9r\u00e9monie religieuse ou la\u00efque Photos de groupe Photos de couple Vin d\u2019honneur Soir\u00e9e jusqu\u2019au g\u00e2teau (minuit ou 2h00) Modules ind\u00e9pendants S\u00e9ance en [&hellip;]<\/p>\n","protected":false},"author":1,"featured_media":0,"parent":75,"menu_order":0,"comment_status":"closed","ping_status":"closed","template":"","meta":[],"_links":{"self":[{"href":"https:\/\/www.entoutecomplicite.fr\/index.php?rest_route=\/wp\/v2\/pages\/471"}],"collection":[{"href":"https:\/\/www.entoutecomplicite.fr\/index.php?rest_route=\/wp\/v2\/pages"}],"about":[{"href":"https:\/\/www.entoutecomplicite.fr\/index.php?rest_route=\/wp\/v2\/types\/page"}],"author":[{"embeddable":true,"href":"https:\/\/www.entoutecomplicite.fr\/index.php?rest_route=\/wp\/v2\/users\/1"}],"replies":[{"embeddable":true,"href":"https:\/\/www.entoutecomplicite.fr\/index.php?rest_route=%2Fwp%2Fv2%2Fcomments&post=471"}],"version-history":[{"count":10,"href":"https:\/\/www.entoutecomplicite.fr\/index.php?rest_route=\/wp\/v2\/pages\/471\/revisions"}],"predecessor-version":[{"id":825,"href":"https:\/\/www.entoutecomplicite.fr\/index.php?rest_route=\/wp\/v2\/pages\/471\/revisions\/825"}],"up":[{"embeddable":true,"href":"https:\/\/www.entoutecomplicite.fr\/index.php?rest_route=\/wp\/v2\/pages\/75"}],"wp:attachment":[{"href":"https:\/\/www.entoutecomplicite.fr\/index.php?rest_route=%2Fwp%2Fv2%2Fmedia&parent=471"}],"curies":[{"name":"wp","href":"https:\/\/api.w.org\/{rel}","templated":true}]}}