{"id":519,"date":"2014-09-24T10:14:38","date_gmt":"2014-09-24T09:14:38","guid":{"rendered":"https:\/\/www.entoutecomplicite.fr\/?page_id=519"},"modified":"2018-05-24T11:20:43","modified_gmt":"2018-05-24T10:20:43","slug":"mentions-legales","status":"publish","type":"page","link":"https:\/\/www.entoutecomplicite.fr\/?page_id=519","title":{"rendered":"Mentions L\u00e9gales"},"content":{"rendered":"<h1>Mentions L\u00e9gales<\/h1>\n<p><strong>Propri\u00e9taire du site :<\/strong><br \/>\nEmilie Verplancke<br \/>\n4, All\u00e9e Jean Mermoz &#8211; 59510 HEM<br \/>\nT\u00e9l : 06.21.88.36.10<\/p>\n<p><strong>Informations L\u00e9gales :<\/strong><br \/>\nActivit\u00e9 : Activit\u00e9s photographiques<br \/>\nCode APE : 7420Z<br \/>\nN\u00b0 SIRET : 49434986300014<\/p>\n<p><strong>Directeur de la publication :<\/strong><br \/>\nEmilie Verplancke<\/p>\n<p><strong>Design du site :<\/strong><br \/>\nEmilie Verplancke et Carredas Communication<\/p>\n<p><strong>R\u00e9alisation du site :<\/strong><br \/>\nCarredas Communication<br \/>\n1, rue de la distillerie &#8211; 59650 Villeneuve d\u2019Ascq<br \/>\nT\u00e9l: 03 20 268 268<br \/>\n<a title=\"Carredas Communication\" href=\"http:\/\/www.carredas.fr\/\" target=\"_blank\" rel=\"nofollow noopener\">www.carredas.fr<\/a><\/p>\n<p><strong>Cr\u00e9dits photos :<\/strong><br \/>\nPhotos En Toute Complicit\u00e9 (<span class=\"st\"><em>Tous droits r\u00e9serv\u00e9s<\/em><\/span>)<\/p>\n<p><strong>Informatique et libert\u00e9 :<\/strong><br \/>\nNous informons les utilisateurs que les donn\u00e9es \u00e0 caract\u00e8re nominatif recueillies aupr\u00e8s des utilisateurs de ce site par l\u2019interm\u00e9diaire des formulaires sont destin\u00e9es au fonctionnement du site et ne sauraient \u00eatre transmises \u00e0 des tiers. Dans le cadre de la loi informatique et libert\u00e9 du 6 janvier 1978, les utilisateurs de ce site disposent d\u2019un droit d\u2019acc\u00e8s, de modification et de suppression concernant leurs donn\u00e9es personnelles.<\/p>\n","protected":false},"excerpt":{"rendered":"<p>Mentions L\u00e9gales Propri\u00e9taire du site : Emilie Verplancke 4, All\u00e9e Jean Mermoz &#8211; 59510 HEM T\u00e9l : 06.21.88.36.10 Informations L\u00e9gales : Activit\u00e9 : Activit\u00e9s photographiques Code APE : 7420Z N\u00b0 SIRET : 49434986300014 Directeur de la publication : Emilie Verplancke Design du site : Emilie Verplancke et Carredas Communication R\u00e9alisation du site : Carredas Communication [&hellip;]<\/p>\n","protected":false},"author":1,"featured_media":0,"parent":0,"menu_order":0,"comment_status":"closed","ping_status":"closed","template":"","meta":[],"_links":{"self":[{"href":"https:\/\/www.entoutecomplicite.fr\/index.php?rest_route=\/wp\/v2\/pages\/519"}],"collection":[{"href":"https:\/\/www.entoutecomplicite.fr\/index.php?rest_route=\/wp\/v2\/pages"}],"about":[{"href":"https:\/\/www.entoutecomplicite.fr\/index.php?rest_route=\/wp\/v2\/types\/page"}],"author":[{"embeddable":true,"href":"https:\/\/www.entoutecomplicite.fr\/index.php?rest_route=\/wp\/v2\/users\/1"}],"replies":[{"embeddable":true,"href":"https:\/\/www.entoutecomplicite.fr\/index.php?rest_route=%2Fwp%2Fv2%2Fcomments&post=519"}],"version-history":[{"count":16,"href":"https:\/\/www.entoutecomplicite.fr\/index.php?rest_route=\/wp\/v2\/pages\/519\/revisions"}],"predecessor-version":[{"id":1446,"href":"https:\/\/www.entoutecomplicite.fr\/index.php?rest_route=\/wp\/v2\/pages\/519\/revisions\/1446"}],"wp:attachment":[{"href":"https:\/\/www.entoutecomplicite.fr\/index.php?rest_route=%2Fwp%2Fv2%2Fmedia&parent=519"}],"curies":[{"name":"wp","href":"https:\/\/api.w.org\/{rel}","templated":true}]}}