{"id":52,"date":"2014-07-29T15:35:01","date_gmt":"2014-07-29T14:35:01","guid":{"rendered":"https:\/\/www.entoutecomplicite.fr\/?page_id=52"},"modified":"2014-10-10T10:50:07","modified_gmt":"2014-10-10T09:50:07","slug":"partenaires","status":"publish","type":"page","link":"https:\/\/www.entoutecomplicite.fr\/?page_id=52","title":{"rendered":"Partenaires"},"content":{"rendered":"<p style=\"text-align: center;\"><a href=\"http:\/\/www.lamaloterie.fr\/\"><img loading=\"lazy\" src=\"https:\/\/www.entoutecomplicite.fr\/wp-content\/uploads\/2014\/07\/photo.jpg\" alt=\"photo\" width=\"372\" height=\"283\" \/><\/a><\/p>\n<p style=\"text-align: center;\">Salle de reception et chambre d&rsquo;h\u00f4tes<\/p>\n<p style=\"text-align: center;\"><a href=\"http:\/\/www.ephotographes.com\/\"><img loading=\"lazy\" src=\"https:\/\/www.entoutecomplicite.fr\/wp-content\/uploads\/2014\/07\/ephotographes.png\" alt=\"ephotographes\" width=\"466\" height=\"64\" \/><\/a><\/p>\n<p style=\"text-align: center;\"><a href=\"http:\/\/www.justesnoces.com\/\"><img loading=\"lazy\" src=\"https:\/\/www.entoutecomplicite.fr\/wp-content\/uploads\/2014\/07\/logo-Justes-noces.png\" alt=\"logo Justes noces\" width=\"227\" height=\"148\" \/><\/a><\/p>\n<p style=\"text-align: center;\">Annuaire de mariage<\/p>\n<p style=\"text-align: center;\"><a href=\"http:\/\/www.organisation-mariage.net\/\"><img loading=\"lazy\" src=\"https:\/\/www.entoutecomplicite.fr\/wp-content\/uploads\/2014\/07\/logo-mariage.net_.png\" alt=\"logo mariage.net\" width=\"468\" height=\"60\" \/><\/a><\/p>\n<p style=\"text-align: center;\">Tout pour l&rsquo;organisation de votre mariage.<\/p>\n<p style=\"text-align: center;\"><a href=\"http:\/\/www.kelnoce.fr\/\"><img loading=\"lazy\" src=\"https:\/\/www.entoutecomplicite.fr\/wp-content\/uploads\/2014\/07\/logo-Kelnoce.png\" alt=\"logo Kelnoce\" width=\"276\" height=\"108\" \/><\/a><\/p>\n<p style=\"text-align: center;\">Annuaire de tous les prestataires li\u00e9s au mariage<\/p>\n<p style=\"text-align: center;\"><a href=\"http:\/\/www.pourlavie.fr\/\"><img loading=\"lazy\" src=\"https:\/\/www.entoutecomplicite.fr\/wp-content\/uploads\/2014\/07\/logo-pour-la-vie.png\" alt=\"logo pour la vie\" width=\"209\" height=\"85\" \/><\/a><\/p>\n<p style=\"text-align: center;\">Annuaire internet de prestataires pour le mariage.<\/p>\n<p style=\"text-align: center;\"><a href=\"http:\/\/www.nordmariage.com\/\"><img loading=\"lazy\" src=\"https:\/\/www.entoutecomplicite.fr\/wp-content\/uploads\/2014\/07\/logo-NORDMARIAGE.png\" alt=\"logo NORDMARIAGE\" width=\"269\" height=\"58\" \/><\/a><\/p>\n<p style=\"text-align: center;\">Portail internet pour l&rsquo;organisation de votre mariage dans le Nord-Pas-De-Calais: conseils et adresses pour le plus beau jour de votre vie.<\/p>\n<p style=\"text-align: center;\"><a href=\"http:\/\/www.horizon-mariage.com\/\"><img loading=\"lazy\" src=\"https:\/\/www.entoutecomplicite.fr\/wp-content\/uploads\/2014\/07\/logo-horizon-mariage.png\" alt=\"logo horizon  mariage\" width=\"94\" height=\"40\" \/><\/a><\/p>\n<p style=\"text-align: center;\">Annuaire internet de prestataires pour le mariage.<\/p>\n<p style=\"text-align: center;\"><a href=\"http:\/\/www.mon-mariage.com\/\"><img loading=\"lazy\" src=\"https:\/\/www.entoutecomplicite.fr\/wp-content\/uploads\/2014\/07\/logo-mon-mariage.png\" alt=\"logo mon mariage\" width=\"131\" height=\"37\" \/><\/a><\/p>\n<p style=\"text-align: center;\">Annuaire internet de prestataires pour le mariage.<\/p>\n<p style=\"text-align: center;\"><a href=\"http:\/\/ifocus.fr\/\"><img loading=\"lazy\" src=\"https:\/\/www.entoutecomplicite.fr\/wp-content\/uploads\/2014\/07\/logo-ifocus.png\" alt=\"logo ifocus\" width=\"283\" height=\"113\" \/><\/a><\/p>\n<p style=\"text-align: center;\">Annuaire internet d\u00e9di\u00e9 \u00e0 la photographie et aux photographes.<\/p>\n<p style=\"text-align: center;\"><a href=\"http:\/\/www.bepub.com\/fr\"><img loading=\"lazy\" src=\"https:\/\/www.entoutecomplicite.fr\/wp-content\/uploads\/2014\/07\/logo-be-pub.png\" alt=\"logo be pub\" width=\"232\" height=\"138\" \/><\/a><\/p>\n<p style=\"text-align: center;\">Annuaire professionnel de la cr\u00e9ation et de la communication.<\/p>\n<p style=\"text-align: center;\"><a href=\"http:\/\/www.netenviesdemariage.com\/\"><img loading=\"lazy\" src=\"https:\/\/www.entoutecomplicite.fr\/wp-content\/uploads\/2014\/07\/logo-net-envies-de-mariage.png\" alt=\"logo net envies de mariage\" width=\"472\" height=\"65\" \/><\/a><\/p>\n<p style=\"text-align: center;\">Annuaire internet de prestataires pour le mariage.<\/p>\n<p style=\"text-align: center;\"><a href=\"http:\/\/www.photomariage.com\/\"><img loading=\"lazy\" src=\"https:\/\/www.entoutecomplicite.fr\/wp-content\/uploads\/2014\/07\/logo-photo-mariage-ok.png\" alt=\"logo photo mariage ok\" width=\"394\" height=\"85\" \/><\/a><\/p>\n<p style=\"text-align: center;\">Annuaire de photographes pour\u00a0le mariage.<\/p>\n<p style=\"text-align: center;\"><a href=\"http:\/\/www.guide-du-mariage.com\/\"><img loading=\"lazy\" src=\"https:\/\/www.entoutecomplicite.fr\/wp-content\/uploads\/2014\/07\/logo-guide-de-mariage.png\" alt=\"logo guide de mariage\" width=\"517\" height=\"109\" \/><\/a><\/p>\n<p style=\"text-align: center;\">Annuaire de prestataires de mariage.<\/p>\n<p style=\"text-align: center;\"><a href=\"http:\/\/www.notremariage.net\/\"><img loading=\"lazy\" src=\"https:\/\/www.entoutecomplicite.fr\/wp-content\/uploads\/2014\/07\/notre-mariage.net_.png\" alt=\"notre mariage.net\" width=\"220\" height=\"95\" \/><\/a><\/p>\n<p style=\"text-align: center;\">Liste de mariage, mariage, conseils, id\u00e9es mariage, un guide et un forum mariage complet pour l&rsquo;organisation du mariage.<\/p>\n<p style=\"text-align: center;\"><a href=\"http:\/\/www.prestanim.fr\/\">\u00a0WWW.PRESTANIM.FR<\/a><\/p>\n<p style=\"text-align: center;\">Portail complet pour votre recherche de prestataires.<\/p>\n<p style=\"text-align: center;\"><a href=\"http:\/\/www.bebecalin.net\/\"><img loading=\"lazy\" src=\"https:\/\/www.entoutecomplicite.fr\/wp-content\/uploads\/2014\/07\/bebe-calin-net.png\" alt=\"bebe calin net\" width=\"156\" height=\"87\" \/><\/a><\/p>\n<p style=\"text-align: center;\">Tout\u00a0pour votre b\u00e9b\u00e9\u00a0: Des conseils pratiques et des bonnes adresses pour pr\u00e9parer son arriv\u00e9e.<\/p>\n<p style=\"text-align: center;\"><a href=\"http:\/\/www.bebe-site.com\/\"><img loading=\"lazy\" src=\"https:\/\/www.entoutecomplicite.fr\/wp-content\/uploads\/2014\/07\/bebesitecom.png\" alt=\"bebesitecom\" width=\"787\" height=\"113\" \/><\/a><\/p>\n<p style=\"text-align: center;\"><a href=\"http:\/\/www.bebe-street.com\/\"><img loading=\"lazy\" src=\"https:\/\/www.entoutecomplicite.fr\/wp-content\/uploads\/2014\/07\/bb-street.png\" alt=\"bb street\" width=\"234\" height=\"143\" \/><\/a><\/p>\n<p style=\"text-align: center;\">Pu\u00e9riculture, tout pour b\u00e9b\u00e9&#8230;<\/p>\n<p style=\"text-align: center;\"><a href=\"http:\/\/www.1000-annonces.com\/\"><img loading=\"lazy\" src=\"https:\/\/www.entoutecomplicite.fr\/wp-content\/uploads\/2014\/07\/logo-petites-annonces.png\" alt=\"logo petites annonces\" width=\"286\" height=\"80\" \/><\/a><\/p>\n<p style=\"text-align: center;\"><a href=\"http:\/\/www.dk-mariage.fr\/\"><img loading=\"lazy\" src=\"https:\/\/www.entoutecomplicite.fr\/wp-content\/uploads\/2014\/07\/dk-mariage.png\" alt=\"dk mariage\" width=\"340\" height=\"59\" \/><\/a><\/p>\n<p style=\"text-align: center;\"><a href=\"http:\/\/www.dk-mariage.fr\/\">http:\/\/www.dk-mariage.fr\/<\/a><\/p>\n<p style=\"text-align: center;\"><a href=\"http:\/\/www.mariage-web.com\/\"><img loading=\"lazy\" src=\"https:\/\/www.entoutecomplicite.fr\/wp-content\/uploads\/2014\/07\/mariage-web.png\" alt=\"mariage web\" width=\"567\" height=\"111\" \/><\/a><\/p>\n<p style=\"text-align: center;\"><a href=\"http:\/\/www.mariage-web.com\">http:\/\/www.mariage-web.com<\/a><\/p>\n<p style=\"text-align: center;\"><a href=\"http:\/\/www.lannuairedumariage.com\/\"><img loading=\"lazy\" src=\"https:\/\/www.entoutecomplicite.fr\/wp-content\/uploads\/2014\/07\/annu-du-mariage.png\" alt=\"annu du mariage\" width=\"144\" height=\"64\" \/><\/a><\/p>\n<p style=\"text-align: center;\"><a href=\"http:\/\/www.lannuairedumariage.com\/\">http:\/\/www.lannuairedumariage.com<\/a><\/p>\n<p style=\"text-align: center;\">\n","protected":false},"excerpt":{"rendered":"<p>Salle de reception et chambre d&rsquo;h\u00f4tes Annuaire de mariage Tout pour l&rsquo;organisation de votre mariage. Annuaire de tous les prestataires li\u00e9s au mariage Annuaire internet de prestataires pour le mariage. Portail internet pour l&rsquo;organisation de votre mariage dans le Nord-Pas-De-Calais: conseils et adresses pour le plus beau jour de votre vie. Annuaire internet de prestataires [&hellip;]<\/p>\n","protected":false},"author":1,"featured_media":0,"parent":0,"menu_order":0,"comment_status":"closed","ping_status":"closed","template":"","meta":[],"_links":{"self":[{"href":"https:\/\/www.entoutecomplicite.fr\/index.php?rest_route=\/wp\/v2\/pages\/52"}],"collection":[{"href":"https:\/\/www.entoutecomplicite.fr\/index.php?rest_route=\/wp\/v2\/pages"}],"about":[{"href":"https:\/\/www.entoutecomplicite.fr\/index.php?rest_route=\/wp\/v2\/types\/page"}],"author":[{"embeddable":true,"href":"https:\/\/www.entoutecomplicite.fr\/index.php?rest_route=\/wp\/v2\/users\/1"}],"replies":[{"embeddable":true,"href":"https:\/\/www.entoutecomplicite.fr\/index.php?rest_route=%2Fwp%2Fv2%2Fcomments&post=52"}],"version-history":[{"count":8,"href":"https:\/\/www.entoutecomplicite.fr\/index.php?rest_route=\/wp\/v2\/pages\/52\/revisions"}],"predecessor-version":[{"id":680,"href":"https:\/\/www.entoutecomplicite.fr\/index.php?rest_route=\/wp\/v2\/pages\/52\/revisions\/680"}],"wp:attachment":[{"href":"https:\/\/www.entoutecomplicite.fr\/index.php?rest_route=%2Fwp%2Fv2%2Fmedia&parent=52"}],"curies":[{"name":"wp","href":"https:\/\/api.w.org\/{rel}","templated":true}]}}