{"id":606,"date":"2014-10-07T15:35:47","date_gmt":"2014-10-07T14:35:47","guid":{"rendered":"https:\/\/www.entoutecomplicite.fr\/?page_id=606"},"modified":"2014-10-20T10:15:27","modified_gmt":"2014-10-20T09:15:27","slug":"seance-naissance","status":"publish","type":"page","link":"https:\/\/www.entoutecomplicite.fr\/?page_id=606","title":{"rendered":"S\u00e9ance Naissance"},"content":{"rendered":"<div class=\"prestation\">\n<div>\n<h1>S\u00e9ance photo de Naissance<\/h1>\n<div class=\"demi full-tab\"><span style=\"color: #b27a7a;\">S\u00e9ance photo r\u00e9alis\u00e9e en maternit\u00e9 ou \u00e0 domicile avec effet studio.<\/span><\/p>\n<ul>\n<li>Dur\u00e9e 1h30 pour 1 \u00e0 3 personnes<\/li>\n<li>90 \u00e0 130 prises de vue<\/li>\n<li>J\u2019apporte des accessoires\u00a0 pour la s\u00e9ance (turbans, bonnets, fleurs, papillons, jolis tricots &#8230;)<\/li>\n<\/ul>\n<p><strong>Options<\/strong><\/p>\n<ul>\n<li>Coffret cadeau<\/li>\n<li>DVD des photos<\/li>\n<li>Nombreux supports au choix : Livres et albums photo, tirage sur toile, plexi ou plaque alu.<\/li>\n<li>Cr\u00e9ation de faire-parts sur mesure<\/li>\n<\/ul>\n<\/div>\n<div class=\"demi full-tab support\">\n<p><strong>Supports inclus avec la prestation<\/strong><\/p>\n<ul>\n<li>10 Tirages 13&#215;19<\/li>\n<li>1 agrandissement 20&#215;30<\/li>\n<li>Et le d\u00e9placement jusque 30 km autour de Lille inclus<\/li>\n<\/ul>\n<\/div>\n<div class=\"full footer\">\n<div><img loading=\"lazy\" class=\"alignnone wp-image-607 size-full\" src=\"https:\/\/www.entoutecomplicite.fr\/wp-content\/uploads\/2014\/10\/NAISSANCES.jpg\" alt=\"\" width=\"327\" height=\"217\" srcset=\"https:\/\/www.entoutecomplicite.fr\/wp-content\/uploads\/2014\/10\/NAISSANCES.jpg 327w, https:\/\/www.entoutecomplicite.fr\/wp-content\/uploads\/2014\/10\/NAISSANCES-300x199.jpg 300w\" sizes=\"(max-width: 327px) 100vw, 327px\" \/><\/div>\n<div><a title=\"Contact\" href=\"https:\/\/www.entoutecomplicite.fr\/?page_id=44\"><img loading=\"lazy\" class=\"alignnone wp-image-453 size-full\" src=\"https:\/\/www.entoutecomplicite.fr\/wp-content\/uploads\/2014\/09\/prestation_contact.jpg\" alt=\"\" width=\"237\" height=\"217\" \/><\/a><\/div>\n<div><span class=\"su-lightbox\" data-mfp-src=\"#video-maternite\" data-mfp-type=\"inline\" data-mobile=\"yes\"><img loading=\"lazy\" class=\"alignnone size-full wp-image-804\" src=\"https:\/\/www.entoutecomplicite.fr\/wp-content\/uploads\/2014\/10\/video_maternite.jpg\" alt=\"video_maternite\" width=\"327\" height=\"217\" srcset=\"https:\/\/www.entoutecomplicite.fr\/wp-content\/uploads\/2014\/10\/video_maternite.jpg 327w, https:\/\/www.entoutecomplicite.fr\/wp-content\/uploads\/2014\/10\/video_maternite-300x199.jpg 300w\" sizes=\"(max-width: 327px) 100vw, 327px\" \/><\/span><\/div>\n<\/div>\n<\/div>\n<\/div>\n<div class=\"autres\">\n<h2>Les autres forfaits :<\/h2>\n<ul>\n<li>\n<div>\n<h3>S\u00e9ance Grossesse<\/h3>\n<p><a title=\"Forfait journ\u00e9e avec soir\u00e9e\" href=\"https:\/\/www.entoutecomplicite.fr\/?page_id=601\"><span style=\"display: block;\">D\u00e9couvrir<\/span><\/a><\/p>\n<\/div>\n<\/li>\n<li>\n<div>\n<h3>Suivi Grossesse et Naissance<\/h3>\n<p><a title=\"Forfait journ\u00e9e avec soir\u00e9e\" href=\"https:\/\/www.entoutecomplicite.fr\/?page_id=614\"><span style=\"display: block;\">D\u00e9couvrir<\/span><\/a><\/p>\n<\/div>\n<\/li>\n<li>\n<div>\n<h3>Coffret Cadeau<\/h3>\n<p><a title=\"Autres prestations\" href=\"https:\/\/www.entoutecomplicite.fr\/?page_id=620\"><span style=\"display: block;\">D\u00e9couvrir<\/span><\/a><\/p>\n<\/div>\n<\/li>\n<\/ul>\n<\/div>\n","protected":false},"excerpt":{"rendered":"<p>S\u00e9ance photo de Naissance S\u00e9ance photo r\u00e9alis\u00e9e en maternit\u00e9 ou \u00e0 domicile avec effet studio. Dur\u00e9e 1h30 pour 1 \u00e0 3 personnes 90 \u00e0 130 prises de vue J\u2019apporte des accessoires\u00a0 pour la s\u00e9ance (turbans, bonnets, fleurs, papillons, jolis tricots &#8230;) Options Coffret cadeau DVD des photos Nombreux supports au choix : Livres et albums [&hellip;]<\/p>\n","protected":false},"author":1,"featured_media":0,"parent":355,"menu_order":0,"comment_status":"closed","ping_status":"closed","template":"","meta":[],"_links":{"self":[{"href":"https:\/\/www.entoutecomplicite.fr\/index.php?rest_route=\/wp\/v2\/pages\/606"}],"collection":[{"href":"https:\/\/www.entoutecomplicite.fr\/index.php?rest_route=\/wp\/v2\/pages"}],"about":[{"href":"https:\/\/www.entoutecomplicite.fr\/index.php?rest_route=\/wp\/v2\/types\/page"}],"author":[{"embeddable":true,"href":"https:\/\/www.entoutecomplicite.fr\/index.php?rest_route=\/wp\/v2\/users\/1"}],"replies":[{"embeddable":true,"href":"https:\/\/www.entoutecomplicite.fr\/index.php?rest_route=%2Fwp%2Fv2%2Fcomments&post=606"}],"version-history":[{"count":10,"href":"https:\/\/www.entoutecomplicite.fr\/index.php?rest_route=\/wp\/v2\/pages\/606\/revisions"}],"predecessor-version":[{"id":841,"href":"https:\/\/www.entoutecomplicite.fr\/index.php?rest_route=\/wp\/v2\/pages\/606\/revisions\/841"}],"up":[{"embeddable":true,"href":"https:\/\/www.entoutecomplicite.fr\/index.php?rest_route=\/wp\/v2\/pages\/355"}],"wp:attachment":[{"href":"https:\/\/www.entoutecomplicite.fr\/index.php?rest_route=%2Fwp%2Fv2%2Fmedia&parent=606"}],"curies":[{"name":"wp","href":"https:\/\/api.w.org\/{rel}","templated":true}]}}