{"id":637,"date":"2014-10-07T16:01:17","date_gmt":"2014-10-07T15:01:17","guid":{"rendered":"https:\/\/www.entoutecomplicite.fr\/?page_id=637"},"modified":"2014-10-27T10:36:48","modified_gmt":"2014-10-27T09:36:48","slug":"anniversaire-et-evjf","status":"publish","type":"page","link":"https:\/\/www.entoutecomplicite.fr\/?page_id=637","title":{"rendered":"Anniversaire et EVJF"},"content":{"rendered":"<div class=\"prestation\">\n<div>\n<h1>S\u00e9ance photo d\u2019 Anniversaire ou d\u2019EVJF<\/h1>\n<div class=\"demi full-tab\">\n<p><span style=\"color: #b27a7a;\">S\u00e9ance photo r\u00e9alis\u00e9e sur le lieu de votre choix en int\u00e9rieur, en ext\u00e9rieur ou \u00e0 domicile avec effet studio.<\/span><\/p>\n<ul>\n<li>Dur\u00e9e 1h00 \u00e0 1h30 pour 4 \u00e0 10 personnes.<\/li>\n<li>90 \u00e0 130 prises de vue<\/li>\n<\/ul>\n<p><strong>Options<\/strong><\/p>\n<ul>\n<li>Coffret cadeau<\/li>\n<li>DVD des photos<\/li>\n<li>Nombreux supports au choix : Livres et albums photo, tirage sur toile, plexi ou plaque alu.<\/li>\n<li>Cr\u00e9ation de votre faire-part sur mesure<\/li>\n<li>S\u00e9ance plus de 10 personnes<\/li>\n<\/ul>\n<\/div>\n<div class=\"demi full-tab support\">\n<p><strong>Supports inclus avec la prestation<\/strong><\/p>\n<ul>\n<li>15 Tirages 13&#215;19<\/li>\n<li>2 agrandissement 20&#215;30<\/li>\n<li>Et le d\u00e9placement jusque 30 km autour de Lille inclus<\/li>\n<\/ul>\n<\/div>\n<div class=\"full footer\">\n<div><img loading=\"lazy\" class=\"alignnone wp-image-638 size-full\" src=\"https:\/\/www.entoutecomplicite.fr\/wp-content\/uploads\/2014\/10\/ANNIV-ET-EVJF.jpg\" alt=\"\" width=\"327\" height=\"217\" srcset=\"https:\/\/www.entoutecomplicite.fr\/wp-content\/uploads\/2014\/10\/ANNIV-ET-EVJF.jpg 327w, https:\/\/www.entoutecomplicite.fr\/wp-content\/uploads\/2014\/10\/ANNIV-ET-EVJF-300x199.jpg 300w\" sizes=\"(max-width: 327px) 100vw, 327px\" \/><\/div>\n<div><a title=\"Contact\" href=\"https:\/\/www.entoutecomplicite.fr\/?page_id=44\"><img loading=\"lazy\" class=\"alignnone wp-image-453 size-full\" src=\"https:\/\/www.entoutecomplicite.fr\/wp-content\/uploads\/2014\/09\/prestation_contact.jpg\" alt=\"\" width=\"237\" height=\"217\" \/><\/a><\/div>\n<div><span class=\"su-lightbox\" data-mfp-src=\"#video-portrait\" data-mfp-type=\"inline\" data-mobile=\"yes\"><img loading=\"lazy\" class=\"alignnone size-full wp-image-809\" src=\"https:\/\/www.entoutecomplicite.fr\/wp-content\/uploads\/2014\/10\/video_portrait.jpg\" alt=\"video_portrait\" width=\"327\" height=\"217\" srcset=\"https:\/\/www.entoutecomplicite.fr\/wp-content\/uploads\/2014\/10\/video_portrait.jpg 327w, https:\/\/www.entoutecomplicite.fr\/wp-content\/uploads\/2014\/10\/video_portrait-300x199.jpg 300w\" sizes=\"(max-width: 327px) 100vw, 327px\" \/><\/span><\/div>\n<\/div>\n<\/div>\n<\/div>\n<div class=\"autres\">\n<h2>Les autres forfaits :<\/h2>\n<ul>\n<li>\n<div>\n<h3>Portrait Enfant \/ Adulte<\/h3>\n<p><a title=\"Portrait Enfant \/ Adulte\" href=\"https:\/\/www.entoutecomplicite.fr\/?page_id=627\"><span style=\"display: block;\">D\u00e9couvrir<\/span><\/a><\/p>\n<\/div>\n<\/li>\n<li>\n<div>\n<h3>Portrait de Groupe<\/h3>\n<p><a title=\"Portrait de groupe\" href=\"https:\/\/www.entoutecomplicite.fr\/?page_id=630\"><span style=\"display: block;\">D\u00e9couvrir<\/span><\/a><\/p>\n<\/div>\n<\/li>\n<li>\n<div>\n<h3>Bapt\u00eame et Communion<\/h3>\n<p><a title=\"Autres prestations\" href=\"https:\/\/www.entoutecomplicite.fr\/?page_id=633\"><span style=\"display: block;\">D\u00e9couvrir<\/span><\/a><\/p>\n<\/div>\n<\/li>\n<\/ul>\n<\/div>\n","protected":false},"excerpt":{"rendered":"<p>S\u00e9ance photo d\u2019 Anniversaire ou d\u2019EVJF S\u00e9ance photo r\u00e9alis\u00e9e sur le lieu de votre choix en int\u00e9rieur, en ext\u00e9rieur ou \u00e0 domicile avec effet studio. Dur\u00e9e 1h00 \u00e0 1h30 pour 4 \u00e0 10 personnes. 90 \u00e0 130 prises de vue Options Coffret cadeau DVD des photos Nombreux supports au choix : Livres et albums photo, [&hellip;]<\/p>\n","protected":false},"author":1,"featured_media":0,"parent":414,"menu_order":0,"comment_status":"closed","ping_status":"closed","template":"","meta":[],"_links":{"self":[{"href":"https:\/\/www.entoutecomplicite.fr\/index.php?rest_route=\/wp\/v2\/pages\/637"}],"collection":[{"href":"https:\/\/www.entoutecomplicite.fr\/index.php?rest_route=\/wp\/v2\/pages"}],"about":[{"href":"https:\/\/www.entoutecomplicite.fr\/index.php?rest_route=\/wp\/v2\/types\/page"}],"author":[{"embeddable":true,"href":"https:\/\/www.entoutecomplicite.fr\/index.php?rest_route=\/wp\/v2\/users\/1"}],"replies":[{"embeddable":true,"href":"https:\/\/www.entoutecomplicite.fr\/index.php?rest_route=%2Fwp%2Fv2%2Fcomments&post=637"}],"version-history":[{"count":13,"href":"https:\/\/www.entoutecomplicite.fr\/index.php?rest_route=\/wp\/v2\/pages\/637\/revisions"}],"predecessor-version":[{"id":865,"href":"https:\/\/www.entoutecomplicite.fr\/index.php?rest_route=\/wp\/v2\/pages\/637\/revisions\/865"}],"up":[{"embeddable":true,"href":"https:\/\/www.entoutecomplicite.fr\/index.php?rest_route=\/wp\/v2\/pages\/414"}],"wp:attachment":[{"href":"https:\/\/www.entoutecomplicite.fr\/index.php?rest_route=%2Fwp%2Fv2%2Fmedia&parent=637"}],"curies":[{"name":"wp","href":"https:\/\/api.w.org\/{rel}","templated":true}]}}